{"id":3183,"date":"2021-01-21T16:37:07","date_gmt":"2021-01-21T15:37:07","guid":{"rendered":"https:\/\/royalformacio.com\/diversidad-funcional\/"},"modified":"2023-11-05T23:07:21","modified_gmt":"2023-11-05T22:07:21","slug":"diversidad-funcional","status":"publish","type":"page","link":"https:\/\/royalformacio.com\/es\/diversidad-funcional\/","title":{"rendered":"Alumnado con Diversidad Funcional"},"content":{"rendered":"\t\t<div data-elementor-type=\"wp-post\" data-elementor-id=\"3183\" class=\"elementor elementor-3183 elementor-2498\">\n\t\t\t\t\t\t<section class=\"elementor-section elementor-top-section elementor-element elementor-element-655e5ec elementor-section-height-min-height elementor-section-boxed elementor-section-height-default elementor-section-items-middle\" data-id=\"655e5ec\" data-element_type=\"section\" data-e-type=\"section\" data-settings=\"{&quot;jet_parallax_layout_list&quot;:[{&quot;jet_parallax_layout_image&quot;:{&quot;url&quot;:&quot;&quot;,&quot;id&quot;:&quot;&quot;,&quot;size&quot;:&quot;&quot;},&quot;_id&quot;:&quot;a9a3c22&quot;,&quot;jet_parallax_layout_speed&quot;:{&quot;unit&quot;:&quot;%&quot;,&quot;size&quot;:50,&quot;sizes&quot;:[]},&quot;jet_parallax_layout_image_tablet&quot;:{&quot;url&quot;:&quot;&quot;,&quot;id&quot;:&quot;&quot;,&quot;size&quot;:&quot;&quot;},&quot;jet_parallax_layout_image_mobile&quot;:{&quot;url&quot;:&quot;&quot;,&quot;id&quot;:&quot;&quot;,&quot;size&quot;:&quot;&quot;},&quot;jet_parallax_layout_type&quot;:&quot;scroll&quot;,&quot;jet_parallax_layout_direction&quot;:&quot;1&quot;,&quot;jet_parallax_layout_fx_direction&quot;:null,&quot;jet_parallax_layout_z_index&quot;:&quot;&quot;,&quot;jet_parallax_layout_bg_x&quot;:50,&quot;jet_parallax_layout_bg_x_tablet&quot;:&quot;&quot;,&quot;jet_parallax_layout_bg_x_mobile&quot;:&quot;&quot;,&quot;jet_parallax_layout_bg_y&quot;:50,&quot;jet_parallax_layout_bg_y_tablet&quot;:&quot;&quot;,&quot;jet_parallax_layout_bg_y_mobile&quot;:&quot;&quot;,&quot;jet_parallax_layout_bg_size&quot;:&quot;auto&quot;,&quot;jet_parallax_layout_bg_size_tablet&quot;:&quot;&quot;,&quot;jet_parallax_layout_bg_size_mobile&quot;:&quot;&quot;,&quot;jet_parallax_layout_animation_prop&quot;:&quot;transform&quot;,&quot;jet_parallax_layout_on&quot;:[&quot;desktop&quot;,&quot;tablet&quot;]}],&quot;background_background&quot;:&quot;classic&quot;}\">\n\t\t\t\t\t\t\t<div class=\"elementor-background-overlay\"><\/div>\n\t\t\t\t\t\t\t<div class=\"elementor-container elementor-column-gap-default\">\n\t\t\t\t\t<div class=\"elementor-column elementor-col-100 elementor-top-column elementor-element elementor-element-4349313\" data-id=\"4349313\" data-element_type=\"column\" data-e-type=\"column\">\n\t\t\t<div class=\"elementor-widget-wrap elementor-element-populated\">\n\t\t\t\t\t\t<div class=\"elementor-element elementor-element-ec5c25d elementor-widget elementor-widget-jet-headline\" data-id=\"ec5c25d\" data-element_type=\"widget\" data-e-type=\"widget\" data-widget_type=\"jet-headline.default\">\n\t\t\t\t<div class=\"elementor-widget-container\">\n\t\t\t\t\t<h2 class=\"jet-headline jet-headline--direction-vertical\"><span class=\"jet-headline__part jet-headline__first\"><span class=\"jet-headline__label\">cursos<\/span><\/span><span class=\"jet-headline__part jet-headline__second\"><span class=\"jet-headline__label\">Alumnado con Diversidad Funcional<\/span><\/span><\/h2>\t\t\t\t<\/div>\n\t\t\t\t<\/div>\n\t\t\t\t\t<\/div>\n\t\t<\/div>\n\t\t\t\t\t<\/div>\n\t\t<\/section>\n\t\t\t\t<section class=\"elementor-section elementor-top-section elementor-element elementor-element-7d8c41c elementor-section-boxed elementor-section-height-default elementor-section-height-default\" data-id=\"7d8c41c\" data-element_type=\"section\" data-e-type=\"section\" data-settings=\"{&quot;jet_parallax_layout_list&quot;:[{&quot;jet_parallax_layout_image&quot;:{&quot;url&quot;:&quot;&quot;,&quot;id&quot;:&quot;&quot;,&quot;size&quot;:&quot;&quot;},&quot;_id&quot;:&quot;8d7ff47&quot;,&quot;jet_parallax_layout_speed&quot;:{&quot;unit&quot;:&quot;%&quot;,&quot;size&quot;:50,&quot;sizes&quot;:[]},&quot;jet_parallax_layout_image_tablet&quot;:{&quot;url&quot;:&quot;&quot;,&quot;id&quot;:&quot;&quot;,&quot;size&quot;:&quot;&quot;},&quot;jet_parallax_layout_image_mobile&quot;:{&quot;url&quot;:&quot;&quot;,&quot;id&quot;:&quot;&quot;,&quot;size&quot;:&quot;&quot;},&quot;jet_parallax_layout_type&quot;:&quot;scroll&quot;,&quot;jet_parallax_layout_direction&quot;:&quot;1&quot;,&quot;jet_parallax_layout_fx_direction&quot;:null,&quot;jet_parallax_layout_z_index&quot;:&quot;&quot;,&quot;jet_parallax_layout_bg_x&quot;:50,&quot;jet_parallax_layout_bg_x_tablet&quot;:&quot;&quot;,&quot;jet_parallax_layout_bg_x_mobile&quot;:&quot;&quot;,&quot;jet_parallax_layout_bg_y&quot;:50,&quot;jet_parallax_layout_bg_y_tablet&quot;:&quot;&quot;,&quot;jet_parallax_layout_bg_y_mobile&quot;:&quot;&quot;,&quot;jet_parallax_layout_bg_size&quot;:&quot;auto&quot;,&quot;jet_parallax_layout_bg_size_tablet&quot;:&quot;&quot;,&quot;jet_parallax_layout_bg_size_mobile&quot;:&quot;&quot;,&quot;jet_parallax_layout_animation_prop&quot;:&quot;transform&quot;,&quot;jet_parallax_layout_on&quot;:[&quot;desktop&quot;,&quot;tablet&quot;]}]}\">\n\t\t\t\t\t\t<div class=\"elementor-container elementor-column-gap-default\">\n\t\t\t\t\t<div class=\"elementor-column elementor-col-100 elementor-top-column elementor-element elementor-element-1d08ad5\" data-id=\"1d08ad5\" data-element_type=\"column\" data-e-type=\"column\">\n\t\t\t<div class=\"elementor-widget-wrap elementor-element-populated\">\n\t\t\t\t\t\t<div class=\"elementor-element elementor-element-ae0e191 elementor-invisible elementor-widget elementor-widget-raven-posts\" data-id=\"ae0e191\" data-element_type=\"widget\" data-e-type=\"widget\" data-settings=\"{&quot;query_posts_per_page&quot;:12,&quot;_animation&quot;:&quot;zoomIn&quot;,&quot;_skin&quot;:&quot;classic&quot;,&quot;classic_layout&quot;:&quot;grid&quot;,&quot;classic_columns&quot;:&quot;3&quot;,&quot;classic_columns_tablet&quot;:&quot;2&quot;,&quot;classic_columns_mobile&quot;:&quot;1&quot;,&quot;query_offset&quot;:0}\" data-widget_type=\"raven-posts.classic\">\n\t\t\t\t<div class=\"elementor-widget-container\">\n\t\t\t\t\t\t\t<div class=\"raven-posts raven-grid raven-grid-3 raven-grid-mobile-1 raven-grid-tablet-2\" data-post-id=\"3183\" data-archive-query=\"\" data-lang=\"\">\n\t\t\t\t<div class=\"raven-grid-item raven-post-item post-12746 post type-post status-publish format-standard has-post-thumbnail hentry category-alumnado-con-diversidad-funcional category-desempleados category-tarragona tag-aturats-es\">\n\t\t\t<div class=\"raven-post\">\n\t\t\t\t\t\t<div class=\"raven-post-image-wrap\">\n\t\t\t<a class=\"raven-post-image raven-image-fit\" href=\"https:\/\/royalformacio.com\/es\/situacion-laboral\/desempleados\/operaciones-auxiliares-en-la-organizacion-de-actividades-y-funcionamiento-de-instalaciones-deportivas\/\"><img fetchpriority=\"high\" decoding=\"async\" width=\"1024\" height=\"485\" src=\"https:\/\/royalformacio.com\/wp-content\/uploads\/sites\/7\/2021\/01\/Piscina-Indoor-1024x485.jpg\" class=\"attachment-large size-large wp-image-9683\" alt=\"\" srcset=\"https:\/\/royalformacio.com\/wp-content\/uploads\/sites\/7\/2021\/01\/Piscina-Indoor-1024x485.jpg 1024w, https:\/\/royalformacio.com\/wp-content\/uploads\/sites\/7\/2021\/01\/Piscina-Indoor-300x142.jpg 300w, https:\/\/royalformacio.com\/wp-content\/uploads\/sites\/7\/2021\/01\/Piscina-Indoor-768x364.jpg 768w, https:\/\/royalformacio.com\/wp-content\/uploads\/sites\/7\/2021\/01\/Piscina-Indoor-1536x727.jpg 1536w, https:\/\/royalformacio.com\/wp-content\/uploads\/sites\/7\/2021\/01\/Piscina-Indoor.jpg 1920w\" sizes=\"(max-width: 1024px) 100vw, 1024px\" \/> <span class=\"raven-post-image-overlay\"><\/span><\/a>\t\t<\/div>\n\t\t\t\t\t\t<div class=\"raven-post-content\">\n\t\t\t\t\t<h3 class=\"raven-post-title\"><a class=\"raven-post-title-link\" href=\"https:\/\/royalformacio.com\/es\/situacion-laboral\/desempleados\/operaciones-auxiliares-en-la-organizacion-de-actividades-y-funcionamiento-de-instalaciones-deportivas\/\">Operaciones auxiliares en la organizaci\u00f3n de actividades y funcionamiento de instalaciones deportivas &#8211; DCP<\/a><\/h3>\t\t\t\t<\/div>\n\t\t\t<\/div>\n\t\t<\/div>\n\t\t\t\t<div class=\"raven-grid-item raven-post-item post-10058 post type-post status-publish format-standard has-post-thumbnail hentry category-alumnado-con-diversidad-funcional category-desempleados category-tarragona tag-diversidad-funcional\">\n\t\t\t<div class=\"raven-post\">\n\t\t\t\t\t\t<div class=\"raven-post-image-wrap\">\n\t\t\t<a class=\"raven-post-image raven-image-fit\" href=\"https:\/\/royalformacio.com\/es\/centros\/tarragona\/operaciones-basicas-de-pasteleria-4\/\"><img decoding=\"async\" width=\"1024\" height=\"485\" src=\"https:\/\/royalformacio.com\/wp-content\/uploads\/sites\/7\/2023\/11\/Cafeteria-1024x485.jpg\" class=\"attachment-large size-large wp-image-9984\" alt=\"\" srcset=\"https:\/\/royalformacio.com\/wp-content\/uploads\/sites\/7\/2023\/11\/Cafeteria-1024x485.jpg 1024w, https:\/\/royalformacio.com\/wp-content\/uploads\/sites\/7\/2023\/11\/Cafeteria-300x142.jpg 300w, https:\/\/royalformacio.com\/wp-content\/uploads\/sites\/7\/2023\/11\/Cafeteria-768x364.jpg 768w, https:\/\/royalformacio.com\/wp-content\/uploads\/sites\/7\/2023\/11\/Cafeteria-1536x727.jpg 1536w, https:\/\/royalformacio.com\/wp-content\/uploads\/sites\/7\/2023\/11\/Cafeteria.jpg 1920w\" sizes=\"(max-width: 1024px) 100vw, 1024px\" \/> <span class=\"raven-post-image-overlay\"><\/span><\/a>\t\t<\/div>\n\t\t\t\t\t\t<div class=\"raven-post-content\">\n\t\t\t\t\t<h3 class=\"raven-post-title\"><a class=\"raven-post-title-link\" href=\"https:\/\/royalformacio.com\/es\/centros\/tarragona\/operaciones-basicas-de-pasteleria-4\/\">Operaciones b\u00e1sicas de restaurante y bar \u2013 DCP<\/a><\/h3>\t\t\t\t<\/div>\n\t\t\t<\/div>\n\t\t<\/div>\n\t\t\t\t<div class=\"raven-grid-item raven-post-item post-9971 post type-post status-publish format-standard has-post-thumbnail hentry category-alumnado-con-diversidad-funcional category-desempleados category-tarragona tag-diversidad-funcional\">\n\t\t\t<div class=\"raven-post\">\n\t\t\t\t\t\t<div class=\"raven-post-image-wrap\">\n\t\t\t<a class=\"raven-post-image raven-image-fit\" href=\"https:\/\/royalformacio.com\/es\/centros\/tarragona\/operaciones-basicas-de-pasteleria-3\/\"><img decoding=\"async\" width=\"1024\" height=\"485\" src=\"https:\/\/royalformacio.com\/wp-content\/uploads\/sites\/7\/2023\/11\/nuevas-web-ref-1-1024x485.jpg\" class=\"attachment-large size-large wp-image-9974\" alt=\"\" srcset=\"https:\/\/royalformacio.com\/wp-content\/uploads\/sites\/7\/2023\/11\/nuevas-web-ref-1-1024x485.jpg 1024w, https:\/\/royalformacio.com\/wp-content\/uploads\/sites\/7\/2023\/11\/nuevas-web-ref-1-300x142.jpg 300w, https:\/\/royalformacio.com\/wp-content\/uploads\/sites\/7\/2023\/11\/nuevas-web-ref-1-768x364.jpg 768w, https:\/\/royalformacio.com\/wp-content\/uploads\/sites\/7\/2023\/11\/nuevas-web-ref-1-1536x727.jpg 1536w, https:\/\/royalformacio.com\/wp-content\/uploads\/sites\/7\/2023\/11\/nuevas-web-ref-1.jpg 1920w\" sizes=\"(max-width: 1024px) 100vw, 1024px\" \/> <span class=\"raven-post-image-overlay\"><\/span><\/a>\t\t<\/div>\n\t\t\t\t\t\t<div class=\"raven-post-content\">\n\t\t\t\t\t<h3 class=\"raven-post-title\"><a class=\"raven-post-title-link\" href=\"https:\/\/royalformacio.com\/es\/centros\/tarragona\/operaciones-basicas-de-pasteleria-3\/\">Operaciones b\u00e1sicas de cocina &#8211; DCP<\/a><\/h3>\t\t\t\t<\/div>\n\t\t\t<\/div>\n\t\t<\/div>\n\t\t\t\t<div class=\"raven-grid-item raven-post-item post-10146 post type-post status-publish format-standard has-post-thumbnail hentry category-alumnado-con-diversidad-funcional category-desempleados category-tarragona tag-diversidad-funcional\">\n\t\t\t<div class=\"raven-post\">\n\t\t\t\t\t\t<div class=\"raven-post-image-wrap\">\n\t\t\t<a class=\"raven-post-image raven-image-fit\" href=\"https:\/\/royalformacio.com\/es\/centros\/tarragona\/operaciones-auxiliares-en-el-departamento-de-administracion-y-recepcion\/\"><img loading=\"lazy\" decoding=\"async\" width=\"1024\" height=\"485\" src=\"https:\/\/royalformacio.com\/wp-content\/uploads\/sites\/7\/2023\/11\/nuevas-web-ref-3-1024x485.jpg\" class=\"attachment-large size-large wp-image-9978\" alt=\"\" srcset=\"https:\/\/royalformacio.com\/wp-content\/uploads\/sites\/7\/2023\/11\/nuevas-web-ref-3-1024x485.jpg 1024w, https:\/\/royalformacio.com\/wp-content\/uploads\/sites\/7\/2023\/11\/nuevas-web-ref-3-300x142.jpg 300w, https:\/\/royalformacio.com\/wp-content\/uploads\/sites\/7\/2023\/11\/nuevas-web-ref-3-768x364.jpg 768w, https:\/\/royalformacio.com\/wp-content\/uploads\/sites\/7\/2023\/11\/nuevas-web-ref-3-1536x727.jpg 1536w, https:\/\/royalformacio.com\/wp-content\/uploads\/sites\/7\/2023\/11\/nuevas-web-ref-3.jpg 1920w\" sizes=\"(max-width: 1024px) 100vw, 1024px\" \/> <span class=\"raven-post-image-overlay\"><\/span><\/a>\t\t<\/div>\n\t\t\t\t\t\t<div class=\"raven-post-content\">\n\t\t\t\t\t<h3 class=\"raven-post-title\"><a class=\"raven-post-title-link\" href=\"https:\/\/royalformacio.com\/es\/centros\/tarragona\/operaciones-auxiliares-en-el-departamento-de-administracion-y-recepcion\/\">Operaciones auxiliares de servicios administrativos y generales DCP<\/a><\/h3>\t\t\t\t<\/div>\n\t\t\t<\/div>\n\t\t<\/div>\n\t\t\t\t<div class=\"raven-grid-item raven-post-item post-10026 post type-post status-publish format-standard has-post-thumbnail hentry category-alumnado-con-diversidad-funcional category-desempleados category-tarragona tag-diversidad-funcional\">\n\t\t\t<div class=\"raven-post\">\n\t\t\t\t\t\t<div class=\"raven-post-image-wrap\">\n\t\t\t<a class=\"raven-post-image raven-image-fit\" href=\"https:\/\/royalformacio.com\/es\/centros\/tarragona\/actividades-basicas-de-comercio\/\"><img loading=\"lazy\" decoding=\"async\" width=\"1024\" height=\"485\" src=\"https:\/\/royalformacio.com\/wp-content\/uploads\/sites\/7\/2023\/11\/nuevas-web-ref-2-1024x485.jpg\" class=\"attachment-large size-large wp-image-9976\" alt=\"\" srcset=\"https:\/\/royalformacio.com\/wp-content\/uploads\/sites\/7\/2023\/11\/nuevas-web-ref-2-1024x485.jpg 1024w, https:\/\/royalformacio.com\/wp-content\/uploads\/sites\/7\/2023\/11\/nuevas-web-ref-2-300x142.jpg 300w, https:\/\/royalformacio.com\/wp-content\/uploads\/sites\/7\/2023\/11\/nuevas-web-ref-2-768x364.jpg 768w, https:\/\/royalformacio.com\/wp-content\/uploads\/sites\/7\/2023\/11\/nuevas-web-ref-2-1536x727.jpg 1536w, https:\/\/royalformacio.com\/wp-content\/uploads\/sites\/7\/2023\/11\/nuevas-web-ref-2.jpg 1920w\" sizes=\"(max-width: 1024px) 100vw, 1024px\" \/> <span class=\"raven-post-image-overlay\"><\/span><\/a>\t\t<\/div>\n\t\t\t\t\t\t<div class=\"raven-post-content\">\n\t\t\t\t\t<h3 class=\"raven-post-title\"><a class=\"raven-post-title-link\" href=\"https:\/\/royalformacio.com\/es\/centros\/tarragona\/actividades-basicas-de-comercio\/\">Actividades auxiliares de comercio \u2013 DCP<\/a><\/h3>\t\t\t\t<\/div>\n\t\t\t<\/div>\n\t\t<\/div>\n\t\t\t\t<\/div>\n\t\t\t\t\t\t<\/div>\n\t\t\t\t<\/div>\n\t\t\t\t\t<\/div>\n\t\t<\/div>\n\t\t\t\t\t<\/div>\n\t\t<\/section>\n\t\t\t\t<\/div>\n\t\t","protected":false},"excerpt":{"rendered":"<p>cursos Operacions auxiliars en el departament d&#8217;Administraci\u00f3 i Recepci\u00f3 Habilitats personals i socials per a la comunitat Habilitats personals i socials per a l&#8217;autonomia Operacions auxiliars de Restauraci\u00f3 Activitats b\u00e0siques de Comer\u00e7 Activitats auxiliars de Cuina<\/p>\n","protected":false},"author":1,"featured_media":3184,"parent":0,"menu_order":0,"comment_status":"closed","ping_status":"closed","template":"elementor_header_footer","meta":{"_acf_changed":false,"_monsterinsights_skip_tracking":false,"_monsterinsights_sitenote_active":false,"_monsterinsights_sitenote_note":"","_monsterinsights_sitenote_category":0,"footnotes":""},"class_list":["post-3183","page","type-page","status-publish","has-post-thumbnail","hentry"],"acf":[],"yoast_head":"<!-- This site is optimized with the Yoast SEO plugin v27.4 - https:\/\/yoast.com\/product\/yoast-seo-wordpress\/ -->\n<title>Alumnado con Diversidad Funcional - Royal Escola de Formaci\u00f3<\/title>\n<meta name=\"robots\" content=\"index, follow, max-snippet:-1, max-image-preview:large, max-video-preview:-1\" \/>\n<link rel=\"canonical\" href=\"https:\/\/royalformacio.com\/es\/diversidad-funcional\/\" \/>\n<meta property=\"og:locale\" content=\"es_ES\" \/>\n<meta property=\"og:type\" content=\"article\" \/>\n<meta property=\"og:title\" content=\"Alumnado con Diversidad Funcional - Royal Escola de Formaci\u00f3\" \/>\n<meta property=\"og:description\" content=\"cursos Operacions auxiliars en el departament d&#8217;Administraci\u00f3 i Recepci\u00f3 Habilitats personals i socials per a la comunitat Habilitats personals i socials per a l&#8217;autonomia Operacions auxiliars de Restauraci\u00f3 Activitats b\u00e0siques de Comer\u00e7 Activitats auxiliars de Cuina\" \/>\n<meta property=\"og:url\" content=\"https:\/\/royalformacio.com\/es\/diversidad-funcional\/\" \/>\n<meta property=\"og:site_name\" content=\"Royal\" \/>\n<meta property=\"article:modified_time\" content=\"2023-11-05T22:07:21+00:00\" \/>\n<meta property=\"og:image\" content=\"https:\/\/royalformacio.com\/wp-content\/uploads\/sites\/7\/2021\/01\/03.-Diversitat-Funcional.jpg\" \/>\n\t<meta property=\"og:image:width\" content=\"1920\" \/>\n\t<meta property=\"og:image:height\" content=\"1353\" \/>\n\t<meta property=\"og:image:type\" content=\"image\/jpeg\" \/>\n<meta name=\"twitter:card\" content=\"summary_large_image\" \/>\n<script type=\"application\/ld+json\" class=\"yoast-schema-graph\">{\"@context\":\"https:\\\/\\\/schema.org\",\"@graph\":[{\"@type\":\"WebPage\",\"@id\":\"https:\\\/\\\/royalformacio.com\\\/es\\\/diversidad-funcional\\\/\",\"url\":\"https:\\\/\\\/royalformacio.com\\\/es\\\/diversidad-funcional\\\/\",\"name\":\"Alumnado con Diversidad Funcional - Royal Escola de Formaci\u00f3\",\"isPartOf\":{\"@id\":\"https:\\\/\\\/royalformacio.com\\\/es\\\/#website\"},\"primaryImageOfPage\":{\"@id\":\"https:\\\/\\\/royalformacio.com\\\/es\\\/diversidad-funcional\\\/#primaryimage\"},\"image\":{\"@id\":\"https:\\\/\\\/royalformacio.com\\\/es\\\/diversidad-funcional\\\/#primaryimage\"},\"thumbnailUrl\":\"https:\\\/\\\/royalformacio.com\\\/wp-content\\\/uploads\\\/sites\\\/7\\\/2021\\\/01\\\/03.-Diversitat-Funcional.jpg\",\"datePublished\":\"2021-01-21T15:37:07+00:00\",\"dateModified\":\"2023-11-05T22:07:21+00:00\",\"breadcrumb\":{\"@id\":\"https:\\\/\\\/royalformacio.com\\\/es\\\/diversidad-funcional\\\/#breadcrumb\"},\"inLanguage\":\"es\",\"potentialAction\":[{\"@type\":\"ReadAction\",\"target\":[\"https:\\\/\\\/royalformacio.com\\\/es\\\/diversidad-funcional\\\/\"]}]},{\"@type\":\"ImageObject\",\"inLanguage\":\"es\",\"@id\":\"https:\\\/\\\/royalformacio.com\\\/es\\\/diversidad-funcional\\\/#primaryimage\",\"url\":\"https:\\\/\\\/royalformacio.com\\\/wp-content\\\/uploads\\\/sites\\\/7\\\/2021\\\/01\\\/03.-Diversitat-Funcional.jpg\",\"contentUrl\":\"https:\\\/\\\/royalformacio.com\\\/wp-content\\\/uploads\\\/sites\\\/7\\\/2021\\\/01\\\/03.-Diversitat-Funcional.jpg\",\"width\":1920,\"height\":1353},{\"@type\":\"BreadcrumbList\",\"@id\":\"https:\\\/\\\/royalformacio.com\\\/es\\\/diversidad-funcional\\\/#breadcrumb\",\"itemListElement\":[{\"@type\":\"ListItem\",\"position\":1,\"name\":\"Portada\",\"item\":\"https:\\\/\\\/royalformacio.com\\\/es\\\/inicio\\\/\"},{\"@type\":\"ListItem\",\"position\":2,\"name\":\"Alumnado con Diversidad Funcional\"}]},{\"@type\":\"WebSite\",\"@id\":\"https:\\\/\\\/royalformacio.com\\\/es\\\/#website\",\"url\":\"https:\\\/\\\/royalformacio.com\\\/es\\\/\",\"name\":\"Royal\",\"description\":\"Escola de Formaci\u00f3\",\"potentialAction\":[{\"@type\":\"SearchAction\",\"target\":{\"@type\":\"EntryPoint\",\"urlTemplate\":\"https:\\\/\\\/royalformacio.com\\\/es\\\/?s={search_term_string}\"},\"query-input\":{\"@type\":\"PropertyValueSpecification\",\"valueRequired\":true,\"valueName\":\"search_term_string\"}}],\"inLanguage\":\"es\"}]}<\/script>\n<!-- \/ Yoast SEO plugin. -->","yoast_head_json":{"title":"Alumnado con Diversidad Funcional - Royal Escola de Formaci\u00f3","robots":{"index":"index","follow":"follow","max-snippet":"max-snippet:-1","max-image-preview":"max-image-preview:large","max-video-preview":"max-video-preview:-1"},"canonical":"https:\/\/royalformacio.com\/es\/diversidad-funcional\/","og_locale":"es_ES","og_type":"article","og_title":"Alumnado con Diversidad Funcional - Royal Escola de Formaci\u00f3","og_description":"cursos Operacions auxiliars en el departament d&#8217;Administraci\u00f3 i Recepci\u00f3 Habilitats personals i socials per a la comunitat Habilitats personals i socials per a l&#8217;autonomia Operacions auxiliars de Restauraci\u00f3 Activitats b\u00e0siques de Comer\u00e7 Activitats auxiliars de Cuina","og_url":"https:\/\/royalformacio.com\/es\/diversidad-funcional\/","og_site_name":"Royal","article_modified_time":"2023-11-05T22:07:21+00:00","og_image":[{"width":1920,"height":1353,"url":"https:\/\/royalformacio.com\/wp-content\/uploads\/sites\/7\/2021\/01\/03.-Diversitat-Funcional.jpg","type":"image\/jpeg"}],"twitter_card":"summary_large_image","schema":{"@context":"https:\/\/schema.org","@graph":[{"@type":"WebPage","@id":"https:\/\/royalformacio.com\/es\/diversidad-funcional\/","url":"https:\/\/royalformacio.com\/es\/diversidad-funcional\/","name":"Alumnado con Diversidad Funcional - Royal Escola de Formaci\u00f3","isPartOf":{"@id":"https:\/\/royalformacio.com\/es\/#website"},"primaryImageOfPage":{"@id":"https:\/\/royalformacio.com\/es\/diversidad-funcional\/#primaryimage"},"image":{"@id":"https:\/\/royalformacio.com\/es\/diversidad-funcional\/#primaryimage"},"thumbnailUrl":"https:\/\/royalformacio.com\/wp-content\/uploads\/sites\/7\/2021\/01\/03.-Diversitat-Funcional.jpg","datePublished":"2021-01-21T15:37:07+00:00","dateModified":"2023-11-05T22:07:21+00:00","breadcrumb":{"@id":"https:\/\/royalformacio.com\/es\/diversidad-funcional\/#breadcrumb"},"inLanguage":"es","potentialAction":[{"@type":"ReadAction","target":["https:\/\/royalformacio.com\/es\/diversidad-funcional\/"]}]},{"@type":"ImageObject","inLanguage":"es","@id":"https:\/\/royalformacio.com\/es\/diversidad-funcional\/#primaryimage","url":"https:\/\/royalformacio.com\/wp-content\/uploads\/sites\/7\/2021\/01\/03.-Diversitat-Funcional.jpg","contentUrl":"https:\/\/royalformacio.com\/wp-content\/uploads\/sites\/7\/2021\/01\/03.-Diversitat-Funcional.jpg","width":1920,"height":1353},{"@type":"BreadcrumbList","@id":"https:\/\/royalformacio.com\/es\/diversidad-funcional\/#breadcrumb","itemListElement":[{"@type":"ListItem","position":1,"name":"Portada","item":"https:\/\/royalformacio.com\/es\/inicio\/"},{"@type":"ListItem","position":2,"name":"Alumnado con Diversidad Funcional"}]},{"@type":"WebSite","@id":"https:\/\/royalformacio.com\/es\/#website","url":"https:\/\/royalformacio.com\/es\/","name":"Royal","description":"Escola de Formaci\u00f3","potentialAction":[{"@type":"SearchAction","target":{"@type":"EntryPoint","urlTemplate":"https:\/\/royalformacio.com\/es\/?s={search_term_string}"},"query-input":{"@type":"PropertyValueSpecification","valueRequired":true,"valueName":"search_term_string"}}],"inLanguage":"es"}]}},"_links":{"self":[{"href":"https:\/\/royalformacio.com\/es\/wp-json\/wp\/v2\/pages\/3183","targetHints":{"allow":["GET"]}}],"collection":[{"href":"https:\/\/royalformacio.com\/es\/wp-json\/wp\/v2\/pages"}],"about":[{"href":"https:\/\/royalformacio.com\/es\/wp-json\/wp\/v2\/types\/page"}],"author":[{"embeddable":true,"href":"https:\/\/royalformacio.com\/es\/wp-json\/wp\/v2\/users\/1"}],"replies":[{"embeddable":true,"href":"https:\/\/royalformacio.com\/es\/wp-json\/wp\/v2\/comments?post=3183"}],"version-history":[{"count":12,"href":"https:\/\/royalformacio.com\/es\/wp-json\/wp\/v2\/pages\/3183\/revisions"}],"predecessor-version":[{"id":10203,"href":"https:\/\/royalformacio.com\/es\/wp-json\/wp\/v2\/pages\/3183\/revisions\/10203"}],"wp:featuredmedia":[{"embeddable":true,"href":"https:\/\/royalformacio.com\/es\/wp-json\/wp\/v2\/media\/3184"}],"wp:attachment":[{"href":"https:\/\/royalformacio.com\/es\/wp-json\/wp\/v2\/media?parent=3183"}],"curies":[{"name":"wp","href":"https:\/\/api.w.org\/{rel}","templated":true}]}}