{"id":3152,"date":"2021-01-21T16:06:01","date_gmt":"2021-01-21T15:06:01","guid":{"rendered":"https:\/\/royalformacio.com\/blog\/"},"modified":"2026-03-13T18:27:32","modified_gmt":"2026-03-13T17:27:32","slug":"blog","status":"publish","type":"page","link":"https:\/\/royalformacio.com\/es\/blog\/","title":{"rendered":"Blog"},"content":{"rendered":"\t\t<div data-elementor-type=\"wp-post\" data-elementor-id=\"3152\" class=\"elementor elementor-3152 elementor-12\">\n\t\t\t\t\t\t<section class=\"elementor-section elementor-top-section elementor-element elementor-element-4e5b568 elementor-section-height-min-height elementor-section-boxed elementor-section-height-default elementor-section-items-middle\" data-id=\"4e5b568\" data-element_type=\"section\" data-e-type=\"section\" data-settings=\"{&quot;jet_parallax_layout_list&quot;:[{&quot;jet_parallax_layout_image&quot;:{&quot;url&quot;:&quot;&quot;,&quot;id&quot;:&quot;&quot;,&quot;size&quot;:&quot;&quot;},&quot;_id&quot;:&quot;a8a5f61&quot;,&quot;jet_parallax_layout_speed&quot;:{&quot;unit&quot;:&quot;%&quot;,&quot;size&quot;:50,&quot;sizes&quot;:[]},&quot;jet_parallax_layout_image_tablet&quot;:{&quot;url&quot;:&quot;&quot;,&quot;id&quot;:&quot;&quot;,&quot;size&quot;:&quot;&quot;},&quot;jet_parallax_layout_image_mobile&quot;:{&quot;url&quot;:&quot;&quot;,&quot;id&quot;:&quot;&quot;,&quot;size&quot;:&quot;&quot;},&quot;jet_parallax_layout_type&quot;:&quot;scroll&quot;,&quot;jet_parallax_layout_direction&quot;:&quot;1&quot;,&quot;jet_parallax_layout_fx_direction&quot;:null,&quot;jet_parallax_layout_z_index&quot;:&quot;&quot;,&quot;jet_parallax_layout_bg_x&quot;:50,&quot;jet_parallax_layout_bg_x_tablet&quot;:&quot;&quot;,&quot;jet_parallax_layout_bg_x_mobile&quot;:&quot;&quot;,&quot;jet_parallax_layout_bg_y&quot;:50,&quot;jet_parallax_layout_bg_y_tablet&quot;:&quot;&quot;,&quot;jet_parallax_layout_bg_y_mobile&quot;:&quot;&quot;,&quot;jet_parallax_layout_bg_size&quot;:&quot;auto&quot;,&quot;jet_parallax_layout_bg_size_tablet&quot;:&quot;&quot;,&quot;jet_parallax_layout_bg_size_mobile&quot;:&quot;&quot;,&quot;jet_parallax_layout_animation_prop&quot;:&quot;transform&quot;,&quot;jet_parallax_layout_on&quot;:[&quot;desktop&quot;,&quot;tablet&quot;]}],&quot;background_background&quot;:&quot;classic&quot;}\">\n\t\t\t\t\t\t\t<div class=\"elementor-background-overlay\"><\/div>\n\t\t\t\t\t\t\t<div class=\"elementor-container elementor-column-gap-default\">\n\t\t\t\t\t<div class=\"elementor-column elementor-col-100 elementor-top-column elementor-element elementor-element-2bf6297\" data-id=\"2bf6297\" data-element_type=\"column\" data-e-type=\"column\">\n\t\t\t<div class=\"elementor-widget-wrap elementor-element-populated\">\n\t\t\t\t\t\t<div class=\"elementor-element elementor-element-ab9bbb9 elementor-invisible elementor-widget elementor-widget-heading\" data-id=\"ab9bbb9\" data-element_type=\"widget\" data-e-type=\"widget\" data-settings=\"{&quot;_animation&quot;:&quot;rubberBand&quot;}\" data-widget_type=\"heading.default\">\n\t\t\t\t<div class=\"elementor-widget-container\">\n\t\t\t\t\t<h2 class=\"elementor-heading-title elementor-size-default\">Blog<\/h2>\t\t\t\t<\/div>\n\t\t\t\t<\/div>\n\t\t\t\t\t<\/div>\n\t\t<\/div>\n\t\t\t\t\t<\/div>\n\t\t<\/section>\n\t\t\t\t<section class=\"elementor-section elementor-top-section elementor-element elementor-element-7d8c41c elementor-section-boxed elementor-section-height-default elementor-section-height-default\" data-id=\"7d8c41c\" data-element_type=\"section\" data-e-type=\"section\" data-settings=\"{&quot;jet_parallax_layout_list&quot;:[{&quot;jet_parallax_layout_image&quot;:{&quot;url&quot;:&quot;&quot;,&quot;id&quot;:&quot;&quot;,&quot;size&quot;:&quot;&quot;},&quot;_id&quot;:&quot;8d7ff47&quot;,&quot;jet_parallax_layout_speed&quot;:{&quot;unit&quot;:&quot;%&quot;,&quot;size&quot;:50,&quot;sizes&quot;:[]},&quot;jet_parallax_layout_image_tablet&quot;:{&quot;url&quot;:&quot;&quot;,&quot;id&quot;:&quot;&quot;,&quot;size&quot;:&quot;&quot;},&quot;jet_parallax_layout_image_mobile&quot;:{&quot;url&quot;:&quot;&quot;,&quot;id&quot;:&quot;&quot;,&quot;size&quot;:&quot;&quot;},&quot;jet_parallax_layout_type&quot;:&quot;scroll&quot;,&quot;jet_parallax_layout_direction&quot;:&quot;1&quot;,&quot;jet_parallax_layout_fx_direction&quot;:null,&quot;jet_parallax_layout_z_index&quot;:&quot;&quot;,&quot;jet_parallax_layout_bg_x&quot;:50,&quot;jet_parallax_layout_bg_x_tablet&quot;:&quot;&quot;,&quot;jet_parallax_layout_bg_x_mobile&quot;:&quot;&quot;,&quot;jet_parallax_layout_bg_y&quot;:50,&quot;jet_parallax_layout_bg_y_tablet&quot;:&quot;&quot;,&quot;jet_parallax_layout_bg_y_mobile&quot;:&quot;&quot;,&quot;jet_parallax_layout_bg_size&quot;:&quot;auto&quot;,&quot;jet_parallax_layout_bg_size_tablet&quot;:&quot;&quot;,&quot;jet_parallax_layout_bg_size_mobile&quot;:&quot;&quot;,&quot;jet_parallax_layout_animation_prop&quot;:&quot;transform&quot;,&quot;jet_parallax_layout_on&quot;:[&quot;desktop&quot;,&quot;tablet&quot;]}]}\">\n\t\t\t\t\t\t<div class=\"elementor-container elementor-column-gap-default\">\n\t\t\t\t\t<div class=\"elementor-column elementor-col-100 elementor-top-column elementor-element elementor-element-1d08ad5\" data-id=\"1d08ad5\" data-element_type=\"column\" data-e-type=\"column\">\n\t\t\t<div class=\"elementor-widget-wrap elementor-element-populated\">\n\t\t\t\t\t\t\t<\/div>\n\t\t<\/div>\n\t\t\t\t\t<\/div>\n\t\t<\/section>\n\t\t\t\t<\/div>\n\t\t","protected":false},"excerpt":{"rendered":"<p>Royal Escola de Formaci\u00f3 arrenca l\u2019oferta de cursos 2026! 10\/12\/2025 Arriben els nous GRAUS C d\u2019acord amb la nova ordenaci\u00f3 de la Formaci\u00f3 Professional. Aquest any, la formaci\u00f3 ocupacional es transforma per adaptar-se als Llegir M\u00e9s Respira 2024! Les Jornades de Ioga i Meditaci\u00f3 15\/05\/2024 El 21 de juny \u00e9s el Dia Internacional del Ioga [&hellip;]<\/p>\n","protected":false},"author":1,"featured_media":3153,"parent":0,"menu_order":0,"comment_status":"closed","ping_status":"closed","template":"elementor_header_footer","meta":{"_acf_changed":false,"_monsterinsights_skip_tracking":false,"_monsterinsights_sitenote_active":false,"_monsterinsights_sitenote_note":"","_monsterinsights_sitenote_category":0,"footnotes":""},"class_list":["post-3152","page","type-page","status-publish","has-post-thumbnail","hentry"],"acf":[],"yoast_head":"<!-- This site is optimized with the Yoast SEO plugin v27.5 - https:\/\/yoast.com\/product\/yoast-seo-wordpress\/ -->\n<title>Blog - Royal Escola de Formaci\u00f3<\/title>\n<meta name=\"robots\" content=\"index, follow, max-snippet:-1, max-image-preview:large, max-video-preview:-1\" \/>\n<link rel=\"canonical\" href=\"https:\/\/royalformacio.com\/es\/blog\/\" \/>\n<meta property=\"og:locale\" content=\"es_ES\" \/>\n<meta property=\"og:type\" content=\"article\" \/>\n<meta property=\"og:title\" content=\"Blog - Royal Escola de Formaci\u00f3\" \/>\n<meta property=\"og:description\" content=\"Royal Escola de Formaci\u00f3 arrenca l\u2019oferta de cursos 2026! 10\/12\/2025 Arriben els nous GRAUS C d\u2019acord amb la nova ordenaci\u00f3 de la Formaci\u00f3 Professional. Aquest any, la formaci\u00f3 ocupacional es transforma per adaptar-se als Llegir M\u00e9s Respira 2024! Les Jornades de Ioga i Meditaci\u00f3 15\/05\/2024 El 21 de juny \u00e9s el Dia Internacional del Ioga [&hellip;]\" \/>\n<meta property=\"og:url\" content=\"https:\/\/royalformacio.com\/es\/blog\/\" \/>\n<meta property=\"og:site_name\" content=\"Royal\" \/>\n<meta property=\"article:modified_time\" content=\"2026-03-13T17:27:32+00:00\" \/>\n<meta property=\"og:image\" content=\"https:\/\/royalformacio.com\/wp-content\/uploads\/sites\/7\/2021\/01\/logo-royal-formacio-link.png\" \/>\n\t<meta property=\"og:image:width\" content=\"1200\" \/>\n\t<meta property=\"og:image:height\" content=\"628\" \/>\n\t<meta property=\"og:image:type\" content=\"image\/png\" \/>\n<meta name=\"twitter:card\" content=\"summary_large_image\" \/>\n<meta name=\"twitter:label1\" content=\"Tiempo de lectura\" \/>\n\t<meta name=\"twitter:data1\" content=\"1 minuto\" \/>\n<script type=\"application\/ld+json\" class=\"yoast-schema-graph\">{\"@context\":\"https:\\\/\\\/schema.org\",\"@graph\":[{\"@type\":\"WebPage\",\"@id\":\"https:\\\/\\\/royalformacio.com\\\/es\\\/blog\\\/\",\"url\":\"https:\\\/\\\/royalformacio.com\\\/es\\\/blog\\\/\",\"name\":\"Blog - Royal Escola de Formaci\u00f3\",\"isPartOf\":{\"@id\":\"https:\\\/\\\/royalformacio.com\\\/es\\\/#website\"},\"primaryImageOfPage\":{\"@id\":\"https:\\\/\\\/royalformacio.com\\\/es\\\/blog\\\/#primaryimage\"},\"image\":{\"@id\":\"https:\\\/\\\/royalformacio.com\\\/es\\\/blog\\\/#primaryimage\"},\"thumbnailUrl\":\"https:\\\/\\\/royalformacio.com\\\/wp-content\\\/uploads\\\/sites\\\/7\\\/2021\\\/01\\\/logo-royal-formacio-link.png\",\"datePublished\":\"2021-01-21T15:06:01+00:00\",\"dateModified\":\"2026-03-13T17:27:32+00:00\",\"breadcrumb\":{\"@id\":\"https:\\\/\\\/royalformacio.com\\\/es\\\/blog\\\/#breadcrumb\"},\"inLanguage\":\"es\",\"potentialAction\":[{\"@type\":\"ReadAction\",\"target\":[\"https:\\\/\\\/royalformacio.com\\\/es\\\/blog\\\/\"]}]},{\"@type\":\"ImageObject\",\"inLanguage\":\"es\",\"@id\":\"https:\\\/\\\/royalformacio.com\\\/es\\\/blog\\\/#primaryimage\",\"url\":\"https:\\\/\\\/royalformacio.com\\\/wp-content\\\/uploads\\\/sites\\\/7\\\/2021\\\/01\\\/logo-royal-formacio-link.png\",\"contentUrl\":\"https:\\\/\\\/royalformacio.com\\\/wp-content\\\/uploads\\\/sites\\\/7\\\/2021\\\/01\\\/logo-royal-formacio-link.png\",\"width\":1200,\"height\":628},{\"@type\":\"BreadcrumbList\",\"@id\":\"https:\\\/\\\/royalformacio.com\\\/es\\\/blog\\\/#breadcrumb\",\"itemListElement\":[{\"@type\":\"ListItem\",\"position\":1,\"name\":\"Portada\",\"item\":\"https:\\\/\\\/royalformacio.com\\\/es\\\/inicio\\\/\"},{\"@type\":\"ListItem\",\"position\":2,\"name\":\"Blog\"}]},{\"@type\":\"WebSite\",\"@id\":\"https:\\\/\\\/royalformacio.com\\\/es\\\/#website\",\"url\":\"https:\\\/\\\/royalformacio.com\\\/es\\\/\",\"name\":\"Royal\",\"description\":\"Escola de Formaci\u00f3\",\"potentialAction\":[{\"@type\":\"SearchAction\",\"target\":{\"@type\":\"EntryPoint\",\"urlTemplate\":\"https:\\\/\\\/royalformacio.com\\\/es\\\/?s={search_term_string}\"},\"query-input\":{\"@type\":\"PropertyValueSpecification\",\"valueRequired\":true,\"valueName\":\"search_term_string\"}}],\"inLanguage\":\"es\"}]}<\/script>\n<!-- \/ Yoast SEO plugin. -->","yoast_head_json":{"title":"Blog - Royal Escola de Formaci\u00f3","robots":{"index":"index","follow":"follow","max-snippet":"max-snippet:-1","max-image-preview":"max-image-preview:large","max-video-preview":"max-video-preview:-1"},"canonical":"https:\/\/royalformacio.com\/es\/blog\/","og_locale":"es_ES","og_type":"article","og_title":"Blog - Royal Escola de Formaci\u00f3","og_description":"Royal Escola de Formaci\u00f3 arrenca l\u2019oferta de cursos 2026! 10\/12\/2025 Arriben els nous GRAUS C d\u2019acord amb la nova ordenaci\u00f3 de la Formaci\u00f3 Professional. Aquest any, la formaci\u00f3 ocupacional es transforma per adaptar-se als Llegir M\u00e9s Respira 2024! Les Jornades de Ioga i Meditaci\u00f3 15\/05\/2024 El 21 de juny \u00e9s el Dia Internacional del Ioga [&hellip;]","og_url":"https:\/\/royalformacio.com\/es\/blog\/","og_site_name":"Royal","article_modified_time":"2026-03-13T17:27:32+00:00","og_image":[{"width":1200,"height":628,"url":"https:\/\/royalformacio.com\/wp-content\/uploads\/sites\/7\/2021\/01\/logo-royal-formacio-link.png","type":"image\/png"}],"twitter_card":"summary_large_image","twitter_misc":{"Tiempo de lectura":"1 minuto"},"schema":{"@context":"https:\/\/schema.org","@graph":[{"@type":"WebPage","@id":"https:\/\/royalformacio.com\/es\/blog\/","url":"https:\/\/royalformacio.com\/es\/blog\/","name":"Blog - Royal Escola de Formaci\u00f3","isPartOf":{"@id":"https:\/\/royalformacio.com\/es\/#website"},"primaryImageOfPage":{"@id":"https:\/\/royalformacio.com\/es\/blog\/#primaryimage"},"image":{"@id":"https:\/\/royalformacio.com\/es\/blog\/#primaryimage"},"thumbnailUrl":"https:\/\/royalformacio.com\/wp-content\/uploads\/sites\/7\/2021\/01\/logo-royal-formacio-link.png","datePublished":"2021-01-21T15:06:01+00:00","dateModified":"2026-03-13T17:27:32+00:00","breadcrumb":{"@id":"https:\/\/royalformacio.com\/es\/blog\/#breadcrumb"},"inLanguage":"es","potentialAction":[{"@type":"ReadAction","target":["https:\/\/royalformacio.com\/es\/blog\/"]}]},{"@type":"ImageObject","inLanguage":"es","@id":"https:\/\/royalformacio.com\/es\/blog\/#primaryimage","url":"https:\/\/royalformacio.com\/wp-content\/uploads\/sites\/7\/2021\/01\/logo-royal-formacio-link.png","contentUrl":"https:\/\/royalformacio.com\/wp-content\/uploads\/sites\/7\/2021\/01\/logo-royal-formacio-link.png","width":1200,"height":628},{"@type":"BreadcrumbList","@id":"https:\/\/royalformacio.com\/es\/blog\/#breadcrumb","itemListElement":[{"@type":"ListItem","position":1,"name":"Portada","item":"https:\/\/royalformacio.com\/es\/inicio\/"},{"@type":"ListItem","position":2,"name":"Blog"}]},{"@type":"WebSite","@id":"https:\/\/royalformacio.com\/es\/#website","url":"https:\/\/royalformacio.com\/es\/","name":"Royal","description":"Escola de Formaci\u00f3","potentialAction":[{"@type":"SearchAction","target":{"@type":"EntryPoint","urlTemplate":"https:\/\/royalformacio.com\/es\/?s={search_term_string}"},"query-input":{"@type":"PropertyValueSpecification","valueRequired":true,"valueName":"search_term_string"}}],"inLanguage":"es"}]}},"_links":{"self":[{"href":"https:\/\/royalformacio.com\/es\/wp-json\/wp\/v2\/pages\/3152","targetHints":{"allow":["GET"]}}],"collection":[{"href":"https:\/\/royalformacio.com\/es\/wp-json\/wp\/v2\/pages"}],"about":[{"href":"https:\/\/royalformacio.com\/es\/wp-json\/wp\/v2\/types\/page"}],"author":[{"embeddable":true,"href":"https:\/\/royalformacio.com\/es\/wp-json\/wp\/v2\/users\/1"}],"replies":[{"embeddable":true,"href":"https:\/\/royalformacio.com\/es\/wp-json\/wp\/v2\/comments?post=3152"}],"version-history":[{"count":18,"href":"https:\/\/royalformacio.com\/es\/wp-json\/wp\/v2\/pages\/3152\/revisions"}],"predecessor-version":[{"id":14144,"href":"https:\/\/royalformacio.com\/es\/wp-json\/wp\/v2\/pages\/3152\/revisions\/14144"}],"wp:featuredmedia":[{"embeddable":true,"href":"https:\/\/royalformacio.com\/es\/wp-json\/wp\/v2\/media\/3153"}],"wp:attachment":[{"href":"https:\/\/royalformacio.com\/es\/wp-json\/wp\/v2\/media?parent=3152"}],"curies":[{"name":"wp","href":"https:\/\/api.w.org\/{rel}","templated":true}]}}